{"id":6,"date":"2009-09-29T01:11:27","date_gmt":"2009-09-29T00:11:27","guid":{"rendered":"http:\/\/drboluda.es\/?page_id=6"},"modified":"2021-08-12T20:13:40","modified_gmt":"2021-08-12T19:13:40","slug":"diagnostico-por-imagen","status":"publish","type":"page","link":"https:\/\/drboluda.es\/?page_id=6","title":{"rendered":"Diag. Imagen"},"content":{"rendered":"<p style=\"text-align: justify;\"><img decoding=\"async\" title=\"gallery\" src=\"..\/wp-includes\/js\/tinymce\/plugins\/wpgallery\/img\/t.gif\" alt=\"\" \/><img decoding=\"async\" title=\"gallery\" src=\"..\/wp-includes\/js\/tinymce\/plugins\/wpgallery\/img\/t.gif\" alt=\"\" \/><\/p>\n<h3 style=\"text-align: justify;\">RESULTADOS EN EL MISMO D\u00cdA (Chequeos completos por imagen)<\/h3>\n<h3 style=\"text-align: justify;\">Disponemos de diferentes pruebas:<\/h3>\n<h2 style=\"text-align: justify;\"><strong>Resonancia Magn\u00e9tica Abierta (RMN)<\/strong><\/h2>\n<div id='gallery-1' class='gallery galleryid-6 gallery-columns-3 gallery-size-thumbnail'><figure class='gallery-item'>\n\t\t\t<div class='gallery-icon portrait'>\n\t\t\t\t<a href='https:\/\/drboluda.es\/?attachment_id=273'><img width=\"150\" height=\"150\" src=\"https:\/\/drboluda.es\/wp-content\/uploads\/2021\/08\/4da64d46-30eb-4077-b2c6-b9f2b8220ef6-150x150.jpg\" class=\"attachment-thumbnail size-thumbnail\" alt=\"\" decoding=\"async\" loading=\"lazy\" srcset=\"https:\/\/drboluda.es\/wp-content\/uploads\/2021\/08\/4da64d46-30eb-4077-b2c6-b9f2b8220ef6-150x150.jpg 150w, https:\/\/drboluda.es\/wp-content\/uploads\/2021\/08\/4da64d46-30eb-4077-b2c6-b9f2b8220ef6-144x144.jpg 144w\" sizes=\"(max-width: 150px) 100vw, 150px\" \/><\/a>\n\t\t\t<\/div><\/figure><figure class='gallery-item'>\n\t\t\t<div class='gallery-icon portrait'>\n\t\t\t\t<a href='https:\/\/drboluda.es\/?attachment_id=274'><img width=\"150\" height=\"150\" src=\"https:\/\/drboluda.es\/wp-content\/uploads\/2021\/08\/4fdf13f1-2d6a-472b-81d0-3bbc0705f88b-150x150.jpg\" class=\"attachment-thumbnail size-thumbnail\" alt=\"\" decoding=\"async\" loading=\"lazy\" srcset=\"https:\/\/drboluda.es\/wp-content\/uploads\/2021\/08\/4fdf13f1-2d6a-472b-81d0-3bbc0705f88b-150x150.jpg 150w, https:\/\/drboluda.es\/wp-content\/uploads\/2021\/08\/4fdf13f1-2d6a-472b-81d0-3bbc0705f88b-144x144.jpg 144w\" sizes=\"(max-width: 150px) 100vw, 150px\" \/><\/a>\n\t\t\t<\/div><\/figure><figure class='gallery-item'>\n\t\t\t<div class='gallery-icon portrait'>\n\t\t\t\t<a href='https:\/\/drboluda.es\/?attachment_id=275'><img width=\"150\" height=\"150\" src=\"https:\/\/drboluda.es\/wp-content\/uploads\/2021\/08\/cd8a2e75-e96c-4b9e-824d-b363c88bc3e5-150x150.jpg\" class=\"attachment-thumbnail size-thumbnail\" alt=\"\" decoding=\"async\" loading=\"lazy\" srcset=\"https:\/\/drboluda.es\/wp-content\/uploads\/2021\/08\/cd8a2e75-e96c-4b9e-824d-b363c88bc3e5-150x150.jpg 150w, https:\/\/drboluda.es\/wp-content\/uploads\/2021\/08\/cd8a2e75-e96c-4b9e-824d-b363c88bc3e5-144x144.jpg 144w\" sizes=\"(max-width: 150px) 100vw, 150px\" \/><\/a>\n\t\t\t<\/div><\/figure>\n\t\t<\/div>\n\n<h2 style=\"text-align: justify;\">Tecnolog\u00eda Vanguardista<\/h2>\n<h3 style=\"text-align: justify;\">Ecograf\u00eda alta resoluci\u00f3n<\/h3>\n","protected":false},"excerpt":{"rendered":"<p>RESULTADOS EN EL MISMO D\u00cdA (Chequeos completos por imagen) Disponemos de diferentes pruebas: Resonancia Magn\u00e9tica Abierta (RMN) Tecnolog\u00eda Vanguardista Ecograf\u00eda alta resoluci\u00f3n<\/p>\n","protected":false},"author":1,"featured_media":0,"parent":0,"menu_order":2,"comment_status":"closed","ping_status":"open","template":"","meta":[],"_links":{"self":[{"href":"https:\/\/drboluda.es\/index.php?rest_route=\/wp\/v2\/pages\/6"}],"collection":[{"href":"https:\/\/drboluda.es\/index.php?rest_route=\/wp\/v2\/pages"}],"about":[{"href":"https:\/\/drboluda.es\/index.php?rest_route=\/wp\/v2\/types\/page"}],"author":[{"embeddable":true,"href":"https:\/\/drboluda.es\/index.php?rest_route=\/wp\/v2\/users\/1"}],"replies":[{"embeddable":true,"href":"https:\/\/drboluda.es\/index.php?rest_route=%2Fwp%2Fv2%2Fcomments&post=6"}],"version-history":[{"count":19,"href":"https:\/\/drboluda.es\/index.php?rest_route=\/wp\/v2\/pages\/6\/revisions"}],"predecessor-version":[{"id":277,"href":"https:\/\/drboluda.es\/index.php?rest_route=\/wp\/v2\/pages\/6\/revisions\/277"}],"wp:attachment":[{"href":"https:\/\/drboluda.es\/index.php?rest_route=%2Fwp%2Fv2%2Fmedia&parent=6"}],"curies":[{"name":"wp","href":"https:\/\/api.w.org\/{rel}","templated":true}]}}