{"id":4,"date":"2009-09-29T01:10:29","date_gmt":"2009-09-29T00:10:29","guid":{"rendered":"http:\/\/drboluda.es\/?page_id=4"},"modified":"2019-08-08T17:15:58","modified_gmt":"2019-08-08T16:15:58","slug":"tratamiento-del-dolor","status":"publish","type":"page","link":"https:\/\/drboluda.es\/?page_id=4","title":{"rendered":"Tratamiento Dolor"},"content":{"rendered":"<div id='gallery-1' class='gallery galleryid-4 gallery-columns-3 gallery-size-thumbnail'><figure class='gallery-item'>\n\t\t\t<div class='gallery-icon landscape'>\n\t\t\t\t<a href='https:\/\/drboluda.es\/?attachment_id=30'><img width=\"150\" height=\"150\" src=\"https:\/\/drboluda.es\/wp-content\/uploads\/2009\/09\/ONDAS-DE-CHOQUE-150x150.jpg\" class=\"attachment-thumbnail size-thumbnail\" alt=\"\" decoding=\"async\" loading=\"lazy\" \/><\/a>\n\t\t\t<\/div><\/figure><figure class='gallery-item'>\n\t\t\t<div class='gallery-icon landscape'>\n\t\t\t\t<a href='https:\/\/drboluda.es\/?attachment_id=31'><img width=\"150\" height=\"150\" src=\"https:\/\/drboluda.es\/wp-content\/uploads\/2009\/09\/ONDAS-DE-CHOQUE-02-150x150.jpg\" class=\"attachment-thumbnail size-thumbnail\" alt=\"\" decoding=\"async\" loading=\"lazy\" \/><\/a>\n\t\t\t<\/div><\/figure>\n\t\t<\/div>\n\n<div class=\"page\" title=\"Page 1\">\n<p><b>TRATAMIENT<\/b><b>O DEL D<\/b><b>OLOR C<\/b><b>ON <\/b><b>T\u00c9CNIC<\/b><b>AS A<\/b><b>VA<\/b><b>N<\/b><b>Z<\/b><b><i>A<\/i><\/b><b>DAS: TENDONES, M\u00daSCULOS, LIGAMENTOS, CARTILAGO Y HUESO.\u00a0<\/b><\/p>\n<p><i><span style=\"font-weight: 400;\">&#8211; <\/span><\/i><i><span style=\"font-weight: 400;\">M<\/span><\/i><i><span style=\"font-weight: 400;\">EDICINA F\u00cdSIC<\/span><\/i><span style=\"font-weight: 400;\">A<\/span><span style=\"font-weight: 400;\">:\u00a0<\/span><\/p>\n<p style=\"padding-left: 40px;\"><span style=\"font-weight: 400;\">&#8211; ONDAS DE CHOQUE DE ALTA ENERG\u00cdA <\/span><\/p>\n<p><i><span style=\"font-weight: 400;\">&#8211; MEDICINA QU\u00cdMICA<\/span><\/i><span style=\"font-weight: 400;\">:\u00a0<\/span><\/p>\n<p style=\"padding-left: 40px;\"><span style=\"font-weight: 400;\">&#8211; OZONOTERAPIA\u00a0<\/span><\/p>\n<p style=\"padding-left: 40px;\"><span style=\"font-weight: 400;\">&#8211; \u00c1CIDO HIALUR\u00d3NICO\u00a0<\/span><\/p>\n<p><i><span style=\"font-weight: 400;\">&#8211; <\/span><\/i><i><span style=\"font-weight: 400;\">MEDICINA REGENER<\/span><\/i><span style=\"font-weight: 400;\">A<\/span><i><span style=\"font-weight: 400;\">T<\/span><\/i><i><span style=\"font-weight: 400;\">IV<\/span><\/i><span style=\"font-weight: 400;\">A:\u00a0<\/span><\/p>\n<p style=\"padding-left: 40px;\"><span style=\"font-weight: 400;\">&#8211; REGENERACI\u00d3N CON PLASMA ACTIVADO (P.R.P.)\u00a0<\/span><\/p>\n<p style=\"padding-left: 40px;\"><span style=\"font-weight: 400;\">&#8211; C\u00c9LULAS ESTROMALES DE GRASA\u00a0<\/span><\/p>\n<p><b>EFECTOS:\u00a0<\/b><\/p>\n<p><span style=\"font-weight: 400;\">Antiinflamatoria: bloquea la producci\u00f3n de citokinas. <\/span><span style=\"font-weight: 400;\">Analg\u00e9sico: disminuye el dolor\u00a0<\/span><\/p>\n<p><span style=\"font-weight: 400;\">Regenerativo: estimula la proliferaci\u00f3n de c\u00e9lulas madre en la zona de lesi\u00f3n, <\/span><span style=\"font-weight: 400;\">reemplazando las c\u00e9lulas da\u00f1adas y estimulando la producci\u00f3n de tejido nuevo, adem\u00e1s <\/span><span style=\"font-weight: 400;\">d<\/span><span style=\"font-weight: 400;\">e la mejora vascular de los tejidos da\u00f1ados y fibrosos.\u00a0<\/span><\/p>\n<p><span style=\"font-weight: 400;\">Activa el sistema anab\u00f3lico para la formaci\u00f3n de tejidos nuevos paralizando su <\/span><span style=\"font-weight: 400;\">destrucci\u00f3n.\u00a0<\/span><\/p>\n<p><b>APLICACIONES:\u00a0<\/b><\/p>\n<p><span style=\"font-weight: 400;\">Tendinopat\u00edas, lesiones meniscales, lesiones musculares agudas, fascitis plantar, osteoartritis y artrosis. Dolor columna lumbar y cervical. <\/span><\/p>\n<\/div>\n\n\n<p><\/p>\n","protected":false},"excerpt":{"rendered":"<p>TRATAMIENTO DEL DOLOR CON T\u00c9CNICAS AVANZADAS: TENDONES, M\u00daSCULOS, LIGAMENTOS, CARTILAGO Y HUESO.\u00a0 &#8211; MEDICINA F\u00cdSICA:\u00a0 &#8211; ONDAS DE CHOQUE DE ALTA ENERG\u00cdA &#8211; MEDICINA QU\u00cdMICA:\u00a0 &#8211; OZONOTERAPIA\u00a0 &#8211; \u00c1CIDO HIALUR\u00d3NICO\u00a0 &#8211; MEDICINA REGENERATIVA:\u00a0 &#8211; REGENERACI\u00d3N CON PLASMA ACTIVADO (P.R.P.)\u00a0 &#8211; C\u00c9LULAS ESTROMALES DE GRASA\u00a0 EFECTOS:\u00a0 Antiinflamatoria: bloquea la producci\u00f3n de citokinas. Analg\u00e9sico: disminuye el dolor\u00a0 &hellip; <a href=\"https:\/\/drboluda.es\/?page_id=4\" class=\"more-link\">Seguir leyendo <span class=\"screen-reader-text\">Tratamiento Dolor<\/span> <span class=\"meta-nav\">&rarr;<\/span><\/a><\/p>\n","protected":false},"author":1,"featured_media":0,"parent":0,"menu_order":0,"comment_status":"closed","ping_status":"open","template":"","meta":[],"_links":{"self":[{"href":"https:\/\/drboluda.es\/index.php?rest_route=\/wp\/v2\/pages\/4"}],"collection":[{"href":"https:\/\/drboluda.es\/index.php?rest_route=\/wp\/v2\/pages"}],"about":[{"href":"https:\/\/drboluda.es\/index.php?rest_route=\/wp\/v2\/types\/page"}],"author":[{"embeddable":true,"href":"https:\/\/drboluda.es\/index.php?rest_route=\/wp\/v2\/users\/1"}],"replies":[{"embeddable":true,"href":"https:\/\/drboluda.es\/index.php?rest_route=%2Fwp%2Fv2%2Fcomments&post=4"}],"version-history":[{"count":15,"href":"https:\/\/drboluda.es\/index.php?rest_route=\/wp\/v2\/pages\/4\/revisions"}],"predecessor-version":[{"id":252,"href":"https:\/\/drboluda.es\/index.php?rest_route=\/wp\/v2\/pages\/4\/revisions\/252"}],"wp:attachment":[{"href":"https:\/\/drboluda.es\/index.php?rest_route=%2Fwp%2Fv2%2Fmedia&parent=4"}],"curies":[{"name":"wp","href":"https:\/\/api.w.org\/{rel}","templated":true}]}}