{"id":14,"date":"2009-09-29T01:16:11","date_gmt":"2009-09-29T00:16:11","guid":{"rendered":"http:\/\/drboluda.es\/?page_id=14"},"modified":"2019-08-08T16:42:39","modified_gmt":"2019-08-08T15:42:39","slug":"valoracion-danos-personales","status":"publish","type":"page","link":"https:\/\/drboluda.es\/?page_id=14","title":{"rendered":"Valorac. Da\u00f1os Personales"},"content":{"rendered":"<blockquote><p>DETERMINACI\u00d3N DE SECUELAS POR ACCIDENTES DE TR\u00c1FICO Y LABORALES<\/p>\n<p>ESTUDIO DE INCAPACIDADES LABORALES (Parcial-Total y Absoluta)<\/p><\/blockquote>\n<p style=\"text-align: center;\"><img decoding=\"async\" loading=\"lazy\" class=\"aligncenter\" title=\"DESPACHO DIRECCI\u00d3N\" src=\"http:\/\/drboluda.es\/wp-content\/uploads\/2009\/09\/DESPACHO-DIRECCI\u00d3N-1024x768.jpg\" alt=\"DESPACHO DIRECCI\u00d3N\" width=\"579\" height=\"433\" \/><\/p>\n","protected":false},"excerpt":{"rendered":"<p>DETERMINACI\u00d3N DE SECUELAS POR ACCIDENTES DE TR\u00c1FICO Y LABORALES ESTUDIO DE INCAPACIDADES LABORALES (Parcial-Total y Absoluta)<\/p>\n","protected":false},"author":1,"featured_media":0,"parent":0,"menu_order":3,"comment_status":"closed","ping_status":"closed","template":"","meta":[],"_links":{"self":[{"href":"https:\/\/drboluda.es\/index.php?rest_route=\/wp\/v2\/pages\/14"}],"collection":[{"href":"https:\/\/drboluda.es\/index.php?rest_route=\/wp\/v2\/pages"}],"about":[{"href":"https:\/\/drboluda.es\/index.php?rest_route=\/wp\/v2\/types\/page"}],"author":[{"embeddable":true,"href":"https:\/\/drboluda.es\/index.php?rest_route=\/wp\/v2\/users\/1"}],"replies":[{"embeddable":true,"href":"https:\/\/drboluda.es\/index.php?rest_route=%2Fwp%2Fv2%2Fcomments&post=14"}],"version-history":[{"count":15,"href":"https:\/\/drboluda.es\/index.php?rest_route=\/wp\/v2\/pages\/14\/revisions"}],"predecessor-version":[{"id":151,"href":"https:\/\/drboluda.es\/index.php?rest_route=\/wp\/v2\/pages\/14\/revisions\/151"}],"wp:attachment":[{"href":"https:\/\/drboluda.es\/index.php?rest_route=%2Fwp%2Fv2%2Fmedia&parent=14"}],"curies":[{"name":"wp","href":"https:\/\/api.w.org\/{rel}","templated":true}]}}