{"id":8,"date":"2009-09-29T01:11:57","date_gmt":"2009-09-29T00:11:57","guid":{"rendered":"http:\/\/drboluda.es\/?page_id=8"},"modified":"2019-08-08T16:42:31","modified_gmt":"2019-08-08T15:42:31","slug":"pruebas-de-esfuerzo","status":"publish","type":"page","link":"http:\/\/drboluda.es\/?page_id=8","title":{"rendered":"Pruebas Esfuerzo"},"content":{"rendered":"<div id='gallery-1' class='gallery galleryid-8 gallery-columns-3 gallery-size-thumbnail'><figure class='gallery-item'>\n\t\t\t<div class='gallery-icon portrait'>\n\t\t\t\t<a href='http:\/\/drboluda.es\/?attachment_id=71'><img width=\"150\" height=\"150\" src=\"http:\/\/drboluda.es\/wp-content\/uploads\/2009\/09\/PRUEBA-ESFUERZO-021-150x150.jpg\" class=\"attachment-thumbnail size-thumbnail\" alt=\"\" decoding=\"async\" loading=\"lazy\" \/><\/a>\n\t\t\t<\/div><\/figure><figure class='gallery-item'>\n\t\t\t<div class='gallery-icon portrait'>\n\t\t\t\t<a href='http:\/\/drboluda.es\/?attachment_id=70'><img width=\"150\" height=\"150\" src=\"http:\/\/drboluda.es\/wp-content\/uploads\/2009\/09\/PRUEBA-ESFUERZO1-150x150.jpg\" class=\"attachment-thumbnail size-thumbnail\" alt=\"\" decoding=\"async\" loading=\"lazy\" \/><\/a>\n\t\t\t<\/div><\/figure>\n\t\t<\/div>\n\n<h3>ESTUDIOS CON FINES DE PREPARACI\u00d3N F\u00cdSICA<\/h3>\n<h3>&#8211; Integraci\u00f3n E.C.G. monitorizado durante la prueba<\/h3>\n<h3>&#8211; C\u00e1lculo consumo de ox\u00edgeno m\u00e1ximo<\/h3>\n<h3>&#8211; Analizadores del Consumo de Ox\u00edgeno con Tapiz Multifuncional (Determinaci\u00f3n umbral anaer\u00f3bico)<\/h3>\n<h3>&#8211; Protocolos personalizados en la preparaci\u00f3n f\u00edsica<\/h3>\n<h3>&#8211; Tapiz multifuncional (prueba con bici propia y carrera)<\/h3>\n","protected":false},"excerpt":{"rendered":"<p>ESTUDIOS CON FINES DE PREPARACI\u00d3N F\u00cdSICA &#8211; Integraci\u00f3n E.C.G. monitorizado durante la prueba &#8211; C\u00e1lculo consumo de ox\u00edgeno m\u00e1ximo &#8211; Analizadores del Consumo de Ox\u00edgeno con Tapiz Multifuncional (Determinaci\u00f3n umbral anaer\u00f3bico) &#8211; Protocolos personalizados en la preparaci\u00f3n f\u00edsica &#8211; Tapiz multifuncional (prueba con bici propia y carrera)<\/p>\n","protected":false},"author":1,"featured_media":0,"parent":120,"menu_order":2,"comment_status":"closed","ping_status":"open","template":"","meta":[],"_links":{"self":[{"href":"http:\/\/drboluda.es\/index.php?rest_route=\/wp\/v2\/pages\/8"}],"collection":[{"href":"http:\/\/drboluda.es\/index.php?rest_route=\/wp\/v2\/pages"}],"about":[{"href":"http:\/\/drboluda.es\/index.php?rest_route=\/wp\/v2\/types\/page"}],"author":[{"embeddable":true,"href":"http:\/\/drboluda.es\/index.php?rest_route=\/wp\/v2\/users\/1"}],"replies":[{"embeddable":true,"href":"http:\/\/drboluda.es\/index.php?rest_route=%2Fwp%2Fv2%2Fcomments&post=8"}],"version-history":[{"count":9,"href":"http:\/\/drboluda.es\/index.php?rest_route=\/wp\/v2\/pages\/8\/revisions"}],"predecessor-version":[{"id":58,"href":"http:\/\/drboluda.es\/index.php?rest_route=\/wp\/v2\/pages\/8\/revisions\/58"}],"up":[{"embeddable":true,"href":"http:\/\/drboluda.es\/index.php?rest_route=\/wp\/v2\/pages\/120"}],"wp:attachment":[{"href":"http:\/\/drboluda.es\/index.php?rest_route=%2Fwp%2Fv2%2Fmedia&parent=8"}],"curies":[{"name":"wp","href":"https:\/\/api.w.org\/{rel}","templated":true}]}}